{"id":608,"date":"2022-02-23T13:11:25","date_gmt":"2022-02-23T12:11:25","guid":{"rendered":"http:\/\/preservonsaurons.org\/?page_id=608"},"modified":"2022-02-23T15:43:45","modified_gmt":"2022-02-23T14:43:45","slug":"nos-actions","status":"publish","type":"page","link":"https:\/\/preservonsaurons.org\/index.php\/nos-actions\/","title":{"rendered":"Nos actions"},"content":{"rendered":"\n<p>Nos actions sont centr\u00e9es sur\u00a0:<\/p>\n\n\n\n<ul class=\"wp-block-list\"><li>la recherche d\u2019information\u00a0<\/li><li>la communication des enjeux li\u00e9s \u00e0 ce projet\u00a0<\/li><li>l\u2019interpellation du maire et de ses conseillers\u00a0<\/li><li>la consultation des parties prenantes (associations, riverains etc.)\u00a0<\/li><li>tout recours l\u00e9gal \u00e0 disposition pour lutter contre ce projet.<\/li><\/ul>\n\n\n\n<p>Vous pouvez vous investir&nbsp;:<\/p>\n\n\n\n<ul class=\"wp-block-list\"><li>en signant la p\u00e9tition (seulement si vous habitez Aurons et si vous \u00eates majeurs)\u00a0<\/li><li>en adh\u00e9rant \u00e0 l\u2019association\u00a0(que vous habitiez le village ou souhaitiez simplement vous investir pour sa pr\u00e9servation)<\/li><li>en suivant et likant la page Facebook \u00ab\u00a0Pr\u00e9servons Aurons\u00a0\u00bb<\/li><li>en vous engageant activement dans l\u2019association.<\/li><\/ul>\n\n\n\n<p>Vous pouvez retrouver ici les diff\u00e9rents courriers adress\u00e9s au maire et\/ou aux conseillers municipaux.<\/p>\n\n\n\n<p>A noter que l\u2019association condamne les atteintes personnelles qui ont \u00e9t\u00e9 prof\u00e9r\u00e9es \u00e0 l\u2019encontre du maire et de certains conseillers municipaux (tag, menaces etc.).<\/p>\n","protected":false},"excerpt":{"rendered":"<p>Nos actions sont centr\u00e9es sur\u00a0: la recherche d\u2019information\u00a0 la communication des enjeux li\u00e9s \u00e0 ce projet\u00a0 l\u2019interpellation du maire et de ses conseillers\u00a0 la consultation des parties prenantes (associations, riverains etc.)\u00a0 tout recours l\u00e9gal \u00e0 disposition pour lutter contre ce<\/p>\n","protected":false},"author":1,"featured_media":0,"parent":0,"menu_order":0,"comment_status":"closed","ping_status":"closed","template":"","meta":{"footnotes":""},"class_list":["post-608","page","type-page","status-publish","hentry"],"_links":{"self":[{"href":"https:\/\/preservonsaurons.org\/index.php\/wp-json\/wp\/v2\/pages\/608","targetHints":{"allow":["GET"]}}],"collection":[{"href":"https:\/\/preservonsaurons.org\/index.php\/wp-json\/wp\/v2\/pages"}],"about":[{"href":"https:\/\/preservonsaurons.org\/index.php\/wp-json\/wp\/v2\/types\/page"}],"author":[{"embeddable":true,"href":"https:\/\/preservonsaurons.org\/index.php\/wp-json\/wp\/v2\/users\/1"}],"replies":[{"embeddable":true,"href":"https:\/\/preservonsaurons.org\/index.php\/wp-json\/wp\/v2\/comments?post=608"}],"version-history":[{"count":3,"href":"https:\/\/preservonsaurons.org\/index.php\/wp-json\/wp\/v2\/pages\/608\/revisions"}],"predecessor-version":[{"id":641,"href":"https:\/\/preservonsaurons.org\/index.php\/wp-json\/wp\/v2\/pages\/608\/revisions\/641"}],"wp:attachment":[{"href":"https:\/\/preservonsaurons.org\/index.php\/wp-json\/wp\/v2\/media?parent=608"}],"curies":[{"name":"wp","href":"https:\/\/api.w.org\/{rel}","templated":true}]}}